{"id":11,"date":"2017-01-21T11:01:14","date_gmt":"2017-01-21T11:01:14","guid":{"rendered":"http:\/\/www.palliativebiberist.ch\/wp\/?page_id=11"},"modified":"2017-01-30T21:23:49","modified_gmt":"2017-01-30T21:23:49","slug":"palliative-care","status":"publish","type":"page","link":"https:\/\/www.palliativebiberist.ch\/wp\/palliative-care\/","title":{"rendered":"Palliative Care"},"content":{"rendered":"<h2>WAS BEDEUTET PALLIATIVE CARE?<\/h2>\n<p class=\"bodytext\">Im Zusammenhang mit schwer kranken Menschen sind Sie sicher schon einmal den Begriffen Palliativmedizin, Palliativpflege, Sterbebegleitung oder Hospiz begegnet. Alle diese Begriffe sind Teil der \u00abPalliative Care\u00bb. Darunter versteht man alle Massnahmen, die das Leiden eines unheilbar kranken Menschen lindern und ihm so eine bestm\u00f6gliche Lebensqualit\u00e4t bis zum Ende verschaffen.<\/p>\n<p>Der Begriff \u00abPalliative Care\u00bb wird international verwendet und mehr und mehr auch im nichtenglischen Sprachraum benutzt. \u00abPalliative Care\u00bb leitet sich ab aus dem lateinischen \u00abpallium\u00bb, was einem mantel\u00e4hnlichen Umhang entspricht. Das englische Wort \u00abcare\u00bb heisst \u00abPflege\u00bb, umfasst aber mehr als das: \u00abI care for you\u00bb bedeutet auch \u00abich sorge mich um dich\u00bb. Und: \u00abdu bist mir wichtig\u00bb.<\/p>\n<p class=\"bodytext\"><strong>Die WHO definiert Palliative Care so:<\/strong><\/p>\n<p class=\"bodytext\">Palliative Care entspricht einer Haltung und Behandlung, welche die Lebensqualit\u00e4t von Patienten und ihren Angeh\u00f6rigen verbessern soll, wenn eine lebensbedrohliche Krankheit vorliegt. Sie erreicht dies, indem sie Schmerzen und andere physische, psychosoziale und spirituelle Probleme fr\u00fchzeitig und aktiv sucht, immer wieder erfasst und angemessen behandelt. Palliative Care<\/p>\n<ul>\n<li>lindert Schmerzen und andere belastende Beschwerden,<\/li>\n<li>unterst\u00fctzt den Patienten darin, so lange wie m\u00f6glich aktiv zu bleiben,<\/li>\n<li>integriert psychische und spirituelle Aspekte,<\/li>\n<li>bejaht das Leben und erachtet das Sterben als normalen Prozess,<\/li>\n<li>will den Tod weder beschleunigen noch verz\u00f6gern,<\/li>\n<li>unterst\u00fctzt Angeh\u00f6rige, die Krankheit des Patienten und die eigene Trauer zu\u00a0 verarbeiten.<\/li>\n<li>ist Teamarbeit, um den Bed\u00fcrfnissen von Patienten und Angeh\u00f6rigen m\u00f6glichst gut gerecht zu werden,<\/li>\n<li>kann fr\u00fchzeitig in der Erkrankung angewendet werden in Kombination mit lebensverl\u00e4ngernden Massnahmen, wie beispielsweise Chemo- und Radiotherapie. Sie beinhaltet auch die notwendige Forschung, um Beschwerden oder klinische Komplikationen besser verstehen und behandeln zu k\u00f6nnen.<\/li>\n<\/ul>\n","protected":false},"excerpt":{"rendered":"<p>WAS BEDEUTET PALLIATIVE CARE? Im Zusammenhang mit schwer kranken Menschen sind Sie sicher schon einmal den Begriffen Palliativmedizin, Palliativpflege, Sterbebegleitung[&#8230;]<\/p>\n","protected":false},"author":2,"featured_media":0,"parent":0,"menu_order":10,"comment_status":"closed","ping_status":"closed","template":"","meta":{"footnotes":""},"class_list":["post-11","page","type-page","status-publish","hentry"],"_links":{"self":[{"href":"https:\/\/www.palliativebiberist.ch\/wp\/wp-json\/wp\/v2\/pages\/11","targetHints":{"allow":["GET"]}}],"collection":[{"href":"https:\/\/www.palliativebiberist.ch\/wp\/wp-json\/wp\/v2\/pages"}],"about":[{"href":"https:\/\/www.palliativebiberist.ch\/wp\/wp-json\/wp\/v2\/types\/page"}],"author":[{"embeddable":true,"href":"https:\/\/www.palliativebiberist.ch\/wp\/wp-json\/wp\/v2\/users\/2"}],"replies":[{"embeddable":true,"href":"https:\/\/www.palliativebiberist.ch\/wp\/wp-json\/wp\/v2\/comments?post=11"}],"version-history":[{"count":12,"href":"https:\/\/www.palliativebiberist.ch\/wp\/wp-json\/wp\/v2\/pages\/11\/revisions"}],"predecessor-version":[{"id":273,"href":"https:\/\/www.palliativebiberist.ch\/wp\/wp-json\/wp\/v2\/pages\/11\/revisions\/273"}],"wp:attachment":[{"href":"https:\/\/www.palliativebiberist.ch\/wp\/wp-json\/wp\/v2\/media?parent=11"}],"curies":[{"name":"wp","href":"https:\/\/api.w.org\/{rel}","templated":true}]}}